{"id":1137,"date":"2025-03-15T22:12:30","date_gmt":"2025-03-15T22:12:30","guid":{"rendered":"https:\/\/gmarchitecture.com\/?page_id=1137"},"modified":"2025-03-17T23:30:06","modified_gmt":"2025-03-17T23:30:06","slug":"arkitekture","status":"publish","type":"page","link":"https:\/\/gmarchitecture.com\/en\/arkitekture\/","title":{"rendered":"Architecture"},"content":{"rendered":"<section class=\"section\" id=\"section_1764522899\">\n\t\t<div class=\"section-bg fill\" >\n\t\t\t\t\t\t\t\t\t\n\t\t\t\n\n\t\t<\/div>\n\n\t\t\n\n\t\t<div class=\"section-content relative\">\n\t\t\t\n\t\t<\/div>\n\n\t\t\n<style>\n#section_1764522899 {\n  padding-top: 25px;\n  padding-bottom: 25px;\n}\n@media (min-width:550px) {\n  #section_1764522899 {\n    padding-top: 69px;\n    padding-bottom: 69px;\n  }\n}\n<\/style>\n\t<\/section>\n\t\n\n\t<section class=\"section\" id=\"section_2004326494\">\n\t\t<div class=\"section-bg fill\" >\n\t\t\t\t\t\t\t\t\t\n\t\t\t\n\n\t\t<\/div>\n\n\t\t\n\n\t\t<div class=\"section-content relative\">\n\t\t\t\n<div class=\"row\"  id=\"row-67743442\">\n\n\t<div id=\"col-1558440152\" class=\"col medium-5 small-12 large-5\"  >\n\t\t\t\t<div class=\"col-inner\"  >\n\t\t\t\n\t\t\t\n\n  <div class=\"banner has-hover\" id=\"banner-1699842536\">\n          <div class=\"banner-inner fill\">\n        <div class=\"banner-bg fill\" >\n            <img loading=\"lazy\" decoding=\"async\" width=\"2063\" height=\"1547\" src=\"https:\/\/gmarchitecture.com\/wp-content\/uploads\/2025\/03\/4_pm.webp\" class=\"bg attachment-original size-original\" alt=\"\" \/>                                    \n                    <\/div>\n\t\t\n        <div class=\"banner-layers container\">\n            <div class=\"fill banner-link\"><\/div>            \n   <div id=\"text-box-2109481351\" class=\"text-box banner-layer x50 md-x50 lg-x50 y50 md-y50 lg-y50 res-text\">\n                                <div class=\"text-box-content text dark\">\n              \n              <div class=\"text-inner text-center\">\n                  \n              <\/div>\n           <\/div>\n                            \n<style>\n#text-box-2109481351 {\n  width: 60%;\n}\n#text-box-2109481351 .text-box-content {\n  font-size: 100%;\n}\n<\/style>\n    <\/div>\n \n        <\/div>\n      <\/div>\n\n            \n<style>\n#banner-1699842536 {\n  padding-top: 240px;\n  background-color: rgb(255, 255, 255);\n}\n#banner-1699842536 .banner-bg img {\n  object-position: 0% 1%;\n}\n@media (min-width:550px) {\n  #banner-1699842536 {\n    padding-top: 526px;\n  }\n}\n<\/style>\n  <\/div>\n\n\n\t\t<\/div>\n\t\t\t\t\t<\/div>\n\n\t\n\n\t<div id=\"col-488178401\" class=\"col medium-7 small-12 large-7 small-col-first\"  >\n\t\t\t\t<div class=\"col-inner\"  >\n\t\t\t\n\t\t\t\n<h2>Architecture<\/h2>\n<ul>\n<li class=\"bullet-arrow\"><strong>Dizajn Arkitektural<\/strong> &#8211; P\u00ebrfshin zhvillimin e koncepteve dhe projekteve arkitekturore n\u00eb harmoni me funksionalitetin, estetik\u00ebn dhe rregulloret teknike. Ofrohet analiza e kontekstit, projektim i detajuar, zgjedhje t\u00eb materialeve dhe p\u00ebrdorim t\u00eb teknologjis\u00eb moderne.<\/li>\n<li class=\"bullet-arrow\"><strong>Rimodelim \/ Renovim<\/strong> &#8211; Rikonstruksion dhe p\u00ebrshtatje e nd\u00ebrtesave ekzistuese p\u00ebr funksionalitet dhe efikasitet m\u00eb t\u00eb lart\u00eb. Ofron vler\u00ebsim t\u00eb gjendjes aktuale, projektim t\u00eb nd\u00ebrhyrjeve dhe integrim t\u00eb teknologjive t\u00eb reja.<\/li>\n<li class=\"bullet-arrow\"><strong>Dokumentimi i Nd\u00ebrtimit<\/strong> &#8211; P\u00ebrgatitje e dokumenteve teknike si projektet ekzekutive (As-Build Drawing), specifikimet, koordinimi me disiplinat tjera dhe p\u00ebrdorimi i BIM p\u00ebr menaxhim t\u00eb avancuar t\u00eb projektit.<\/li>\n<li class=\"bullet-arrow\"><strong>Mbik\u00ebqyrja e Nd\u00ebrtimit<\/strong> &#8211; Sigurimi i cil\u00ebsis\u00eb dhe p\u00ebrputhshm\u00ebris\u00eb s\u00eb nd\u00ebrtimit me projektin dhe rregulloret. P\u00ebrfshin monitorim t\u00eb punimeve, kontroll t\u00eb materialeve dhe raportim t\u00eb rregullt mbi progresin.<\/li>\n<\/ul>\n\t\t<\/div>\n\t\t\t\t\t<\/div>\n\n\t\n<\/div>\n\t\t<\/div>\n\n\t\t\n<style>\n#section_2004326494 {\n  padding-top: 70px;\n  padding-bottom: 70px;\n}\n@media (min-width:550px) {\n  #section_2004326494 {\n    padding-top: 82px;\n    padding-bottom: 82px;\n  }\n}\n<\/style>\n\t<\/section>","protected":false},"excerpt":{"rendered":"","protected":false},"author":1,"featured_media":0,"parent":0,"menu_order":0,"comment_status":"closed","ping_status":"closed","template":"page-transparent-header-light.php","meta":{"footnotes":""},"class_list":["post-1137","page","type-page","status-publish","hentry"],"_links":{"self":[{"href":"https:\/\/gmarchitecture.com\/en\/wp-json\/wp\/v2\/pages\/1137","targetHints":{"allow":["GET"]}}],"collection":[{"href":"https:\/\/gmarchitecture.com\/en\/wp-json\/wp\/v2\/pages"}],"about":[{"href":"https:\/\/gmarchitecture.com\/en\/wp-json\/wp\/v2\/types\/page"}],"author":[{"embeddable":true,"href":"https:\/\/gmarchitecture.com\/en\/wp-json\/wp\/v2\/users\/1"}],"replies":[{"embeddable":true,"href":"https:\/\/gmarchitecture.com\/en\/wp-json\/wp\/v2\/comments?post=1137"}],"version-history":[{"count":0,"href":"https:\/\/gmarchitecture.com\/en\/wp-json\/wp\/v2\/pages\/1137\/revisions"}],"wp:attachment":[{"href":"https:\/\/gmarchitecture.com\/en\/wp-json\/wp\/v2\/media?parent=1137"}],"curies":[{"name":"wp","href":"https:\/\/api.w.org\/{rel}","templated":true}]}}