{"id":1158,"date":"2025-03-17T19:39:36","date_gmt":"2025-03-17T19:39:36","guid":{"rendered":"https:\/\/gmarchitecture.com\/?page_id=1158"},"modified":"2025-03-17T23:30:32","modified_gmt":"2025-03-17T23:30:32","slug":"dizajn-interieri","status":"publish","type":"page","link":"https:\/\/gmarchitecture.com\/en\/dizajn-interieri\/","title":{"rendered":"Interior Design"},"content":{"rendered":"<section class=\"section\" id=\"section_227094118\">\n\t\t<div class=\"section-bg fill\" >\n\t\t\t\t\t\t\t\t\t\n\t\t\t\n\n\t\t<\/div>\n\n\t\t\n\n\t\t<div class=\"section-content relative\">\n\t\t\t\n\t\t<\/div>\n\n\t\t\n<style>\n#section_227094118 {\n  padding-top: 25px;\n  padding-bottom: 25px;\n}\n@media (min-width:550px) {\n  #section_227094118 {\n    padding-top: 69px;\n    padding-bottom: 69px;\n  }\n}\n<\/style>\n\t<\/section>\n\t\n\n\t<section class=\"section\" id=\"section_982277650\">\n\t\t<div class=\"section-bg fill\" >\n\t\t\t\t\t\t\t\t\t\n\t\t\t\n\n\t\t<\/div>\n\n\t\t\n\n\t\t<div class=\"section-content relative\">\n\t\t\t\n<div class=\"row\"  id=\"row-1468510922\">\n\n\t<div id=\"col-1716582006\" class=\"col medium-5 small-12 large-5\"  >\n\t\t\t\t<div class=\"col-inner\"  >\n\t\t\t\n\t\t\t\n\n  <div class=\"banner has-hover\" id=\"banner-1114137328\">\n          <div class=\"banner-inner fill\">\n        <div class=\"banner-bg fill\" >\n            <img loading=\"lazy\" decoding=\"async\" width=\"1805\" height=\"1438\" src=\"https:\/\/gmarchitecture.com\/wp-content\/uploads\/2025\/03\/1-scaled-1-e1742076353455.webp\" class=\"bg attachment-original size-original\" alt=\"\" \/>                                    \n                    <\/div>\n\t\t\n        <div class=\"banner-layers container\">\n            <div class=\"fill banner-link\"><\/div>            \n   <div id=\"text-box-1450124128\" class=\"text-box banner-layer x50 md-x50 lg-x50 y50 md-y50 lg-y50 res-text\">\n                                <div class=\"text-box-content text dark\">\n              \n              <div class=\"text-inner text-center\">\n                  \n              <\/div>\n           <\/div>\n                            \n<style>\n#text-box-1450124128 {\n  width: 60%;\n}\n#text-box-1450124128 .text-box-content {\n  font-size: 100%;\n}\n<\/style>\n    <\/div>\n \n        <\/div>\n      <\/div>\n\n            \n<style>\n#banner-1114137328 {\n  padding-top: 240px;\n  background-color: rgb(255, 255, 255);\n}\n#banner-1114137328 .banner-bg img {\n  object-position: 0% 1%;\n}\n@media (min-width:550px) {\n  #banner-1114137328 {\n    padding-top: 450px;\n  }\n}\n<\/style>\n  <\/div>\n\n\n\t\t<\/div>\n\t\t\t\t\t<\/div>\n\n\t\n\n\t<div id=\"col-797029927\" class=\"col medium-7 small-12 large-7 small-col-first\"  >\n\t\t\t\t<div class=\"col-inner\"  >\n\t\t\t\n\t\t\t\n<h2>Interior Design<\/h2>\n<ul>\n<li class=\"bullet-arrow\"><strong>Planifikimi i Hap\u00ebsir\u00ebs <\/strong>\u2013 Organizimi optimal i hap\u00ebsirave t\u00eb brendshme p\u00ebr t\u00eb siguruar funksionalitet, komoditet dhe dizajn n\u00eb p\u00ebrputhje me k\u00ebrkesat teknike dhe p\u00ebrdoruesve.<\/li>\n<li class=\"bullet-arrow\"><strong>Dizajnim Arkitektural i Interierit<\/strong> \u2013 Zhvillimi i koncepteve t\u00eb dizajnit p\u00ebr p\u00ebrzgjedhjen e materialeve, ngjyrave, ndri\u00e7imit dhe mobilieve p\u00ebr t\u00eb krijuar harmoni vizuale dhe praktike.<\/li>\n<li class=\"bullet-arrow\"><strong>Koordinimi i L\u00ebvizjeve<\/strong> \u2013 Sigurimi i rrjedh\u00ebs s\u00eb natyrshme t\u00eb l\u00ebvizjes brenda hap\u00ebsir\u00ebs p\u00ebr funksionalitet dhe racionalitet.<\/li>\n<li class=\"bullet-arrow\"><strong>Mbik\u00ebqyrja e nd\u00ebrtimit<\/strong> \u2013 Monitorimi i zbatimit t\u00eb dizajnit p\u00ebr t\u00eb siguruar cil\u00ebsi t\u00eb lart\u00eb dhe p\u00ebrputhje me projektin e miratuar.<\/li>\n<\/ul>\n\t\t<\/div>\n\t\t\t\t\t<\/div>\n\n\t\n<\/div>\n\t\t<\/div>\n\n\t\t\n<style>\n#section_982277650 {\n  padding-top: 70px;\n  padding-bottom: 70px;\n}\n@media (min-width:550px) {\n  #section_982277650 {\n    padding-top: 82px;\n    padding-bottom: 82px;\n  }\n}\n<\/style>\n\t<\/section>","protected":false},"excerpt":{"rendered":"","protected":false},"author":1,"featured_media":0,"parent":0,"menu_order":0,"comment_status":"closed","ping_status":"closed","template":"page-transparent-header-light.php","meta":{"footnotes":""},"class_list":["post-1158","page","type-page","status-publish","hentry"],"_links":{"self":[{"href":"https:\/\/gmarchitecture.com\/en\/wp-json\/wp\/v2\/pages\/1158","targetHints":{"allow":["GET"]}}],"collection":[{"href":"https:\/\/gmarchitecture.com\/en\/wp-json\/wp\/v2\/pages"}],"about":[{"href":"https:\/\/gmarchitecture.com\/en\/wp-json\/wp\/v2\/types\/page"}],"author":[{"embeddable":true,"href":"https:\/\/gmarchitecture.com\/en\/wp-json\/wp\/v2\/users\/1"}],"replies":[{"embeddable":true,"href":"https:\/\/gmarchitecture.com\/en\/wp-json\/wp\/v2\/comments?post=1158"}],"version-history":[{"count":0,"href":"https:\/\/gmarchitecture.com\/en\/wp-json\/wp\/v2\/pages\/1158\/revisions"}],"wp:attachment":[{"href":"https:\/\/gmarchitecture.com\/en\/wp-json\/wp\/v2\/media?parent=1158"}],"curies":[{"name":"wp","href":"https:\/\/api.w.org\/{rel}","templated":true}]}}