{"id":1170,"date":"2025-03-17T19:49:01","date_gmt":"2025-03-17T19:49:01","guid":{"rendered":"https:\/\/gmarchitecture.com\/?page_id=1170"},"modified":"2025-04-01T08:52:01","modified_gmt":"2025-04-01T08:52:01","slug":"planifikim","status":"publish","type":"page","link":"https:\/\/gmarchitecture.com\/en\/planifikim\/","title":{"rendered":"Planning"},"content":{"rendered":"<section class=\"section\" id=\"section_389632937\">\n\t\t<div class=\"section-bg fill\" >\n\t\t\t\t\t\t\t\t\t\n\t\t\t\n\n\t\t<\/div>\n\n\t\t\n\n\t\t<div class=\"section-content relative\">\n\t\t\t\n\t\t<\/div>\n\n\t\t\n<style>\n#section_389632937 {\n  padding-top: 25px;\n  padding-bottom: 25px;\n}\n@media (min-width:550px) {\n  #section_389632937 {\n    padding-top: 69px;\n    padding-bottom: 69px;\n  }\n}\n<\/style>\n\t<\/section>\n\t\n\n\t<section class=\"section\" id=\"section_202932592\">\n\t\t<div class=\"section-bg fill\" >\n\t\t\t\t\t\t\t\t\t\n\t\t\t\n\n\t\t<\/div>\n\n\t\t\n\n\t\t<div class=\"section-content relative\">\n\t\t\t\n<div class=\"row\"  id=\"row-150356508\">\n\n\t<div id=\"col-930111350\" class=\"col medium-5 small-12 large-5\"  >\n\t\t\t\t<div class=\"col-inner\"  >\n\t\t\t\n\t\t\t\n\n  <div class=\"banner has-hover\" id=\"banner-1148569889\">\n          <div class=\"banner-inner fill\">\n        <div class=\"banner-bg fill\" >\n            <img loading=\"lazy\" decoding=\"async\" width=\"1240\" height=\"1754\" src=\"https:\/\/gmarchitecture.com\/wp-content\/uploads\/2025\/04\/013.webp\" class=\"bg attachment-original size-original\" alt=\"\" \/>                                    \n                    <\/div>\n\t\t\n        <div class=\"banner-layers container\">\n            <div class=\"fill banner-link\"><\/div>            \n   <div id=\"text-box-1688272862\" class=\"text-box banner-layer x50 md-x50 lg-x50 y50 md-y50 lg-y50 res-text\">\n                                <div class=\"text-box-content text dark\">\n              \n              <div class=\"text-inner text-center\">\n                  \n              <\/div>\n           <\/div>\n                            \n<style>\n#text-box-1688272862 {\n  width: 60%;\n}\n#text-box-1688272862 .text-box-content {\n  font-size: 100%;\n}\n<\/style>\n    <\/div>\n \n        <\/div>\n      <\/div>\n\n            \n<style>\n#banner-1148569889 {\n  padding-top: 240px;\n  background-color: rgb(255, 255, 255);\n}\n#banner-1148569889 .banner-bg img {\n  object-position: 0% 0%;\n}\n@media (min-width:550px) {\n  #banner-1148569889 {\n    padding-top: 599px;\n  }\n}\n<\/style>\n  <\/div>\n\n\n\t\t<\/div>\n\t\t\t\t\t<\/div>\n\n\t\n\n\t<div id=\"col-1102377173\" class=\"col medium-7 small-12 large-7 small-col-first\"  >\n\t\t\t\t<div class=\"col-inner\"  >\n\t\t\t\n\t\t\t\n<h2>Planning<\/h2>\n<p><strong>Studimet e Nevojshme t\u00eb Hap\u00ebsirave<\/strong> &#8211; Analiz\u00eb e detajuar e k\u00ebrkesave funksionale p\u00ebr t\u00eb p\u00ebrcaktuar organizimin optimal t\u00eb hap\u00ebsirave n\u00eb p\u00ebrputhje me nevojat e p\u00ebrdoruesve dhe rregulloret teknike.<\/p>\n<p><strong>Analiza p\u00ebr Zgjidhjen e Hap\u00ebsirave<\/strong> &#8211; Vler\u00ebsim i kushteve ekzistuese dhe zhvillimi i skenar\u00ebve t\u00eb mundsh\u00ebm p\u00ebr optimizimin e p\u00ebrdorimit t\u00eb hap\u00ebsir\u00ebs, duke p\u00ebrfshir\u00eb qasje arkitektonike dhe ekologjike.<\/p>\n<p><strong>Studime t\u00eb Fizibilitetit<\/strong> &#8211; Hulumtim i realizimeve teknike, ekonomike dhe ligjore t\u00eb projekteve p\u00ebr t\u00eb vler\u00ebsuar mund\u00ebsit\u00eb dhe sfidat e zbatimit.<\/p>\n<p><strong>Master Plane<\/strong> &#8211; Zhvillim i strategjive afatgjata p\u00ebr organizimin urban dhe zhvillimin e hap\u00ebsirave t\u00eb m\u00ebdha me qasje t\u00eb integruar n\u00eb infrastruktur\u00eb, mjedis dhe funksione publike.<\/p>\n<p><strong>Planifikimi i Komplekseve<\/strong> &#8211; Projektimi dhe organizimi i zonave multifunksionale, duke siguruar lidhjen e duhur nd\u00ebrmjet nd\u00ebrtimeve, rrug\u00ebve dhe hap\u00ebsirave publike p\u00ebr zhvillim t\u00eb q\u00ebndruesh\u00ebm.<\/p>\n\t\t<\/div>\n\t\t\t\t\t<\/div>\n\n\t\n<\/div>\n\t\t<\/div>\n\n\t\t\n<style>\n#section_202932592 {\n  padding-top: 70px;\n  padding-bottom: 70px;\n}\n@media (min-width:550px) {\n  #section_202932592 {\n    padding-top: 82px;\n    padding-bottom: 82px;\n  }\n}\n<\/style>\n\t<\/section>","protected":false},"excerpt":{"rendered":"","protected":false},"author":1,"featured_media":0,"parent":0,"menu_order":0,"comment_status":"closed","ping_status":"closed","template":"page-transparent-header-light.php","meta":{"footnotes":""},"class_list":["post-1170","page","type-page","status-publish","hentry"],"_links":{"self":[{"href":"https:\/\/gmarchitecture.com\/en\/wp-json\/wp\/v2\/pages\/1170","targetHints":{"allow":["GET"]}}],"collection":[{"href":"https:\/\/gmarchitecture.com\/en\/wp-json\/wp\/v2\/pages"}],"about":[{"href":"https:\/\/gmarchitecture.com\/en\/wp-json\/wp\/v2\/types\/page"}],"author":[{"embeddable":true,"href":"https:\/\/gmarchitecture.com\/en\/wp-json\/wp\/v2\/users\/1"}],"replies":[{"embeddable":true,"href":"https:\/\/gmarchitecture.com\/en\/wp-json\/wp\/v2\/comments?post=1170"}],"version-history":[{"count":3,"href":"https:\/\/gmarchitecture.com\/en\/wp-json\/wp\/v2\/pages\/1170\/revisions"}],"predecessor-version":[{"id":1510,"href":"https:\/\/gmarchitecture.com\/en\/wp-json\/wp\/v2\/pages\/1170\/revisions\/1510"}],"wp:attachment":[{"href":"https:\/\/gmarchitecture.com\/en\/wp-json\/wp\/v2\/media?parent=1170"}],"curies":[{"name":"wp","href":"https:\/\/api.w.org\/{rel}","templated":true}]}}