{"id":1178,"date":"2025-03-17T19:54:46","date_gmt":"2025-03-17T19:54:46","guid":{"rendered":"https:\/\/gmarchitecture.com\/?page_id=1178"},"modified":"2025-03-17T23:30:57","modified_gmt":"2025-03-17T23:30:57","slug":"menaxhim-te-projekteve","status":"publish","type":"page","link":"https:\/\/gmarchitecture.com\/en\/menaxhim-te-projekteve\/","title":{"rendered":"Menaxhim t\u00eb Projekteve"},"content":{"rendered":"<section class=\"section\" id=\"section_2035353351\">\n\t\t<div class=\"section-bg fill\" >\n\t\t\t\t\t\t\t\t\t\n\t\t\t\n\n\t\t<\/div>\n\n\t\t\n\n\t\t<div class=\"section-content relative\">\n\t\t\t\n\t\t<\/div>\n\n\t\t\n<style>\n#section_2035353351 {\n  padding-top: 25px;\n  padding-bottom: 25px;\n}\n@media (min-width:550px) {\n  #section_2035353351 {\n    padding-top: 69px;\n    padding-bottom: 69px;\n  }\n}\n<\/style>\n\t<\/section>\n\t\n\n\t<section class=\"section\" id=\"section_121411403\">\n\t\t<div class=\"section-bg fill\" >\n\t\t\t\t\t\t\t\t\t\n\t\t\t\n\n\t\t<\/div>\n\n\t\t\n\n\t\t<div class=\"section-content relative\">\n\t\t\t\n<div class=\"row\"  id=\"row-1819247681\">\n\n\t<div id=\"col-1308020748\" class=\"col medium-5 small-12 large-5\"  >\n\t\t\t\t<div class=\"col-inner\"  >\n\t\t\t\n\t\t\t\n\n  <div class=\"banner has-hover\" id=\"banner-29351639\">\n          <div class=\"banner-inner fill\">\n        <div class=\"banner-bg fill\" >\n            <img loading=\"lazy\" decoding=\"async\" width=\"1920\" height=\"1280\" src=\"https:\/\/gmarchitecture.com\/wp-content\/uploads\/2025\/03\/prapavija_rreth-nesh-2-scaled-1.jpg\" class=\"bg attachment-original size-original\" alt=\"\" \/>                                    \n                    <\/div>\n\t\t\n        <div class=\"banner-layers container\">\n            <div class=\"fill banner-link\"><\/div>            \n   <div id=\"text-box-931861056\" class=\"text-box banner-layer x50 md-x50 lg-x50 y50 md-y50 lg-y50 res-text\">\n                                <div class=\"text-box-content text dark\">\n              \n              <div class=\"text-inner text-center\">\n                  \n              <\/div>\n           <\/div>\n                            \n<style>\n#text-box-931861056 {\n  width: 60%;\n}\n#text-box-931861056 .text-box-content {\n  font-size: 100%;\n}\n<\/style>\n    <\/div>\n \n        <\/div>\n      <\/div>\n\n            \n<style>\n#banner-29351639 {\n  padding-top: 240px;\n  background-color: rgb(255, 255, 255);\n}\n#banner-29351639 .banner-bg img {\n  object-position: 0% 0%;\n}\n@media (min-width:550px) {\n  #banner-29351639 {\n    padding-top: 445px;\n  }\n}\n<\/style>\n  <\/div>\n\n\n\t\t<\/div>\n\t\t\t\t\t<\/div>\n\n\t\n\n\t<div id=\"col-129053488\" class=\"col medium-7 small-12 large-7 small-col-first\"  >\n\t\t\t\t<div class=\"col-inner\"  >\n\t\t\t\n\t\t\t\n<h2>Menaxhim t\u00eb Projekteve<\/h2>\n<ul>\n<li class=\"bullet-arrow\"><strong>Planifikimi<\/strong> &#8211; Hartimi i strategjis\u00eb s\u00eb projektit, p\u00ebrfshir\u00eb afatet kohore, burimet dhe objektivat kryesore p\u00ebr realizim efikas.<\/li>\n<li class=\"bullet-arrow\"><strong>Llogaritja e Kostos<\/strong> &#8211; P\u00ebrcaktimi i buxhetit t\u00eb projektit bazuar n\u00eb analiz\u00ebn e materialeve, punimeve dhe shpenzimeve operacionale.<\/li>\n<li class=\"bullet-arrow\"><strong>Vler\u00ebsimi i Nd\u00ebrtimit<\/strong> &#8211; Monitorimi dhe vler\u00ebsimi i progresit t\u00eb nd\u00ebrtimit p\u00ebr t\u00eb siguruar p\u00ebrputhjen me standardet teknike dhe financiare.<\/li>\n<li class=\"bullet-arrow\"><strong>Strategjia e Dor\u00ebzimit t\u00eb Projektit<\/strong> &#8211; Zhvillimi i planit p\u00ebr implementimin dhe finalizimin e projektit n\u00eb m\u00ebnyr\u00eb efikase dhe t\u00eb koordinuar.<\/li>\n<li class=\"bullet-arrow\"><strong>Menaxhimi i Nd\u00ebrtimeve<\/strong> &#8211; Mbik\u00ebqyrja dhe koordinimi i proceseve nd\u00ebrtimore p\u00ebr t\u00eb siguruar cil\u00ebsi, siguri dhe p\u00ebrputhje me projektin e miratuar.<\/li>\n<\/ul>\n\t\t<\/div>\n\t\t\t\t\t<\/div>\n\n\t\n<\/div>\n\t\t<\/div>\n\n\t\t\n<style>\n#section_121411403 {\n  padding-top: 70px;\n  padding-bottom: 70px;\n}\n@media (min-width:550px) {\n  #section_121411403 {\n    padding-top: 82px;\n    padding-bottom: 82px;\n  }\n}\n<\/style>\n\t<\/section>","protected":false},"excerpt":{"rendered":"","protected":false},"author":1,"featured_media":0,"parent":0,"menu_order":0,"comment_status":"closed","ping_status":"closed","template":"page-transparent-header-light.php","meta":{"footnotes":""},"class_list":["post-1178","page","type-page","status-publish","hentry"],"_links":{"self":[{"href":"https:\/\/gmarchitecture.com\/en\/wp-json\/wp\/v2\/pages\/1178","targetHints":{"allow":["GET"]}}],"collection":[{"href":"https:\/\/gmarchitecture.com\/en\/wp-json\/wp\/v2\/pages"}],"about":[{"href":"https:\/\/gmarchitecture.com\/en\/wp-json\/wp\/v2\/types\/page"}],"author":[{"embeddable":true,"href":"https:\/\/gmarchitecture.com\/en\/wp-json\/wp\/v2\/users\/1"}],"replies":[{"embeddable":true,"href":"https:\/\/gmarchitecture.com\/en\/wp-json\/wp\/v2\/comments?post=1178"}],"version-history":[{"count":0,"href":"https:\/\/gmarchitecture.com\/en\/wp-json\/wp\/v2\/pages\/1178\/revisions"}],"wp:attachment":[{"href":"https:\/\/gmarchitecture.com\/en\/wp-json\/wp\/v2\/media?parent=1178"}],"curies":[{"name":"wp","href":"https:\/\/api.w.org\/{rel}","templated":true}]}}